{"id":16,"date":"2018-11-02T07:56:33","date_gmt":"2018-11-02T07:56:33","guid":{"rendered":"http:\/\/dumelarava.com\/german\/?page_id=16"},"modified":"2025-03-05T13:55:25","modified_gmt":"2025-03-05T13:55:25","slug":"attractions","status":"publish","type":"page","link":"https:\/\/dumelarava.com\/german\/attractions\/","title":{"rendered":"Sehensw\u00fcrdigkeiten"},"content":{"rendered":"\n\n\t<p>Schwimmbad des Moshav&#8217;s abk\u00fchlen,ausruhen und entspannen.Man kann auch sch\u00f6n auf Seitenwege spazieren,besonders atemberaubend in der W\u00fcste bei Vollmond.F\u00fcr die Kinder gibt es Spielplatz,Tennis und Basketballplatz und ein Rollschuh\/Roller Park.<\/p>\n<p>In der Arava gibt es viele Sehensw\u00fcrdigkeiten f\u00fcr die ganze Familie.<\/p>\n\t\t\t\t<img decoding=\"async\" src=\"https:\/\/dumelarava.com\/dev\/wp-content\/uploads\/2022\/06\/IMG-20160115-WA0023-1.jpg\" alt=\"IMG-20160115-WA0023-1.jpg\" itemprop=\"image\" title=\"IMG-20160115-WA0023-1.jpg\" onerror=\"this.style.display='none'\"  \/>\n\t\t\t\t<img decoding=\"async\" src=\"https:\/\/dumelarava.com\/dev\/wp-content\/uploads\/2022\/06\/20160115_151946-scaled-e1656412095294.jpg\" alt=\"20160115_151946-scaled-e1656412095294.jpg\" itemprop=\"image\" title=\"20160115_151946-scaled-e1656412095294.jpg\" onerror=\"this.style.display='none'\"  \/>\n\t\t\t\t<img decoding=\"async\" src=\"http:\/\/dumelarava.com\/german\/wp-content\/uploads\/2022\/01\/FB_IMG_1583247722409.jpg\" alt=\"FB_IMG_1583247722409\" itemprop=\"image\" title=\"FB_IMG_1583247722409\" onerror=\"this.style.display='none'\"  \/>\n\t\t\t\t<img decoding=\"async\" src=\"https:\/\/dumelarava.com\/dev\/wp-content\/uploads\/2022\/06\/20180428_095154-scaled.jpg\" alt=\"20180428_095154-scaled.jpg\" itemprop=\"image\" title=\"20180428_095154-scaled.jpg\" onerror=\"this.style.display='none'\"  \/>\n\t\t\t\t<img decoding=\"async\" src=\"http:\/\/dumelarava.com\/german\/wp-content\/uploads\/2025\/03\/DSC_2195-scaled.jpg\" alt=\"DSC_2195\" itemprop=\"image\" title=\"DSC_2195\" onerror=\"this.style.display='none'\"  \/>\n\t\t\t\t<img decoding=\"async\" src=\"http:\/\/dumelarava.com\/german\/wp-content\/uploads\/2025\/03\/20180331_184606-scaled.jpg\" alt=\"20180331_184606\" itemprop=\"image\" title=\"20180331_184606\" onerror=\"this.style.display='none'\"  \/>\n\t\t\t\t<img decoding=\"async\" src=\"http:\/\/dumelarava.com\/german\/wp-content\/uploads\/2025\/03\/20181130_162341-scaled.jpg\" alt=\"20181130_162341\" itemprop=\"image\" title=\"20181130_162341\" onerror=\"this.style.display='none'\"  \/>\n\t\t\t\t<img decoding=\"async\" src=\"http:\/\/dumelarava.com\/german\/wp-content\/uploads\/2025\/03\/DSC_2165-scaled.jpg\" alt=\"DSC_2165\" itemprop=\"image\" title=\"DSC_2165\" onerror=\"this.style.display='none'\"  \/>\n\t\t\t\t<img decoding=\"async\" src=\"https:\/\/dumelarava.com\/dev\/wp-content\/uploads\/2022\/06\/266006_249157128537437_1304894472_o1.jpg\" alt=\"266006_249157128537437_1304894472_o1.jpg\" itemprop=\"image\" title=\"266006_249157128537437_1304894472_o1.jpg\" onerror=\"this.style.display='none'\"  \/>\n\n","protected":false},"excerpt":{"rendered":"<p>Schwimmbad des Moshav&#8217;s abk\u00fchlen,ausruhen und entspannen.Man kann auch sch\u00f6n auf Seitenwege spazieren,besonders atemberaubend in der W\u00fcste bei Vollmond.F\u00fcr die Kinder gibt es Spielplatz,Tennis und Basketballplatz und ein Rollschuh\/Roller Park. In der Arava gibt es viele Sehensw\u00fcrdigkeiten f\u00fcr die ganze Familie.<\/p>\n","protected":false},"author":1,"featured_media":0,"parent":0,"menu_order":0,"comment_status":"closed","ping_status":"closed","template":"","meta":{"footnotes":""},"class_list":["post-16","page","type-page","status-publish","hentry"],"_links":{"self":[{"href":"https:\/\/dumelarava.com\/german\/wp-json\/wp\/v2\/pages\/16","targetHints":{"allow":["GET"]}}],"collection":[{"href":"https:\/\/dumelarava.com\/german\/wp-json\/wp\/v2\/pages"}],"about":[{"href":"https:\/\/dumelarava.com\/german\/wp-json\/wp\/v2\/types\/page"}],"author":[{"embeddable":true,"href":"https:\/\/dumelarava.com\/german\/wp-json\/wp\/v2\/users\/1"}],"replies":[{"embeddable":true,"href":"https:\/\/dumelarava.com\/german\/wp-json\/wp\/v2\/comments?post=16"}],"version-history":[{"count":69,"href":"https:\/\/dumelarava.com\/german\/wp-json\/wp\/v2\/pages\/16\/revisions"}],"predecessor-version":[{"id":579,"href":"https:\/\/dumelarava.com\/german\/wp-json\/wp\/v2\/pages\/16\/revisions\/579"}],"wp:attachment":[{"href":"https:\/\/dumelarava.com\/german\/wp-json\/wp\/v2\/media?parent=16"}],"curies":[{"name":"wp","href":"https:\/\/api.w.org\/{rel}","templated":true}]}}