{"id":14,"date":"2018-11-02T07:56:07","date_gmt":"2018-11-02T07:56:07","guid":{"rendered":"https:\/\/dumelarava.com\/2025german\/?page_id=14"},"modified":"2026-01-08T13:11:14","modified_gmt":"2026-01-08T13:11:14","slug":"kitchen-and-central-area","status":"publish","type":"page","link":"https:\/\/dumelarava.com\/2025german\/kitchen-and-central-area\/","title":{"rendered":"K\u00fcche und Zentral Bereich"},"content":{"rendered":"\n<div class=\"wp-block-stackable-columns alignfull stk-block-columns stk--hide-desktop stk--hide-tablet stk-block stk-1d2548a stk-block-background stk--has-background-overlay\" data-block-id=\"1d2548a\"><style>@media screen and (max-width: 767px){.stk-1d2548a {background-image:url(https:\/\/dumelarava.com\/2025german\/wp-content\/uploads\/2025\/03\/ndbele-patern0-scaled.jpg) !important;}}<\/style><div class=\"stk-row stk-inner-blocks stk-block-content stk-content-align stk-1d2548a-column alignfull\">\n<div class=\"wp-block-stackable-column stk-block-column stk-column stk-block stk-69e756f\" data-v=\"4\" data-block-id=\"69e756f\"><div class=\"stk-column-wrapper stk-block-column__content stk-container stk-69e756f-container stk--no-background stk--no-padding\"><div class=\"stk-block-content stk-inner-blocks stk-69e756f-inner-blocks\">\n<div class=\"wp-block-stackable-spacer stk-block-spacer stk--no-padding stk-block stk-5e467a4\" data-block-id=\"5e467a4\"><\/div>\n<\/div><\/div><\/div>\n<\/div><\/div>\n\n\n\n<div class=\"wp-block-stackable-columns alignfull stk-block-columns stk--hide-mobile stk-block stk-3745db4 stk-block-background stk--has-background-overlay\" data-block-id=\"3745db4\"><style>.stk-3745db4 {background-image:url(https:\/\/dumelarava.com\/2025german\/wp-content\/uploads\/2025\/03\/ndbele-patern0-scaled.jpg) !important;background-repeat:repeat !important;background-size:contain !important;min-height:110px !important;margin-bottom:20px !important;}.stk-3745db4:before{opacity:0 !important;}<\/style><div class=\"stk-row stk-inner-blocks stk-block-content stk-content-align stk-3745db4-column alignfull\">\n<div class=\"wp-block-stackable-column stk-block-column stk-column stk-block stk-0e0d176\" data-v=\"4\" data-block-id=\"0e0d176\"><style>.stk-0e0d176-container{min-height:50px !important;}<\/style><div class=\"stk-column-wrapper stk-block-column__content stk-container stk-0e0d176-container stk--no-background stk--no-padding\"><div class=\"stk-block-content stk-inner-blocks stk-0e0d176-inner-blocks\">\n<h1 class=\"wp-block-heading\"><\/h1>\n<\/div><\/div><\/div>\n<\/div><\/div>\n\n\n\n<div class=\"wp-block-stackable-columns alignwide stk-block-columns stk-block stk-bf485f4\" data-block-id=\"bf485f4\"><div class=\"stk-row stk-inner-blocks stk-block-content stk-content-align stk-bf485f4-column alignwide\">\n<div class=\"wp-block-stackable-column stk-block-column stk-column stk-block stk-61310be stk-block-background stk--has-background-overlay\" data-v=\"4\" data-block-id=\"61310be\"><style>.stk-61310be {background-image:url(https:\/\/dumelarava.com\/2025german\/wp-content\/uploads\/2026\/01\/20260104_095946-scaled.jpg) !important;}@media screen and (min-width: 768px){.stk-61310be {flex:var(--stk-flex-grow, 1) 1 calc(39.29999999999998% - var(--stk-column-gap, 0px) * 1 \/ 2 ) !important;}}<\/style><div class=\"stk-column-wrapper stk-block-column__content stk-container stk-61310be-container stk--no-background stk--no-padding\"><div class=\"stk-block-content stk-inner-blocks stk-61310be-inner-blocks\">\n<div class=\"wp-block-stackable-spacer stk-block-spacer stk--no-padding stk-block stk-fd396a2\" data-block-id=\"fd396a2\"><style>.stk-fd396a2 {height:808px !important;}<\/style><\/div>\n<\/div><\/div><\/div>\n\n\n\n<div class=\"wp-block-stackable-column stk-block-column stk-column stk--hide-tablet stk--hide-mobile stk-block stk-5a9e7bc stk-block-background\" data-v=\"4\" data-block-id=\"5a9e7bc\"><style>.stk-5a9e7bc {align-self:stretch !important;background-color:#9c7128a1 !important;border-style:solid !important;border-color:#ffffff !important;border-left-width:20px !important;}.stk-5a9e7bc-inner-blocks{justify-content:center !important;}.stk-5a9e7bc:before{background-color:#9c7128a1 !important;}.stk-5a9e7bc-container{max-width:50% !important;min-width:auto !important;margin-right:auto !important;margin-left:auto !important;}@media screen and (min-width: 768px){.stk-5a9e7bc {flex:var(--stk-flex-grow, 1) 1 calc(60.70000000000002% - var(--stk-column-gap, 0px) * 1 \/ 2 ) !important;}}<\/style><div class=\"stk-column-wrapper stk-block-column__content stk-container stk-5a9e7bc-container stk--no-background stk--no-padding\"><div class=\"stk--column-flex stk-block-content stk-inner-blocks stk-5a9e7bc-inner-blocks\">\n<p><span style=\"color: #ffffff;\" class=\"stk-highlight\">Wir sind stolz Ihnen unseren neu renovierten zentralen Bereich neben der Hauptk\u00fcche vorzustellen,es ist das Herz in Dumela!Hier haben Sie das Privileg sich alle zu versammeln und euch euer Lieblingsessen in der voll ausgestatteten K\u00fcche zuzubereiten. Der Bereich ist gem\u00fctlich eingerichtet(Tisch,St\u00fchle)und Sitzecke zum entspannen mit Brettspiele f\u00fcr Kinder und Erwachsene.<\/span><\/p>\n\n\n\n<p><span style=\"color: #ffffff;\" class=\"stk-highlight\">Die Hauptk\u00fcche ist mit Backofen und vier gasflammen, Mikrowelle,einem gro\u00dfen K\u00fchlschrank und zwei Sp\u00fclbecken ausgestattet.Alles f\u00fcr Ihren Komfort.<\/span><\/p>\n<\/div><\/div><\/div>\n<\/div><\/div>\n\n\n\n<div class=\"wp-block-stackable-columns stk-block-columns stk--hide-desktop stk-block stk-5c4e884 stk-block-background\" data-block-id=\"5c4e884\"><style>.stk-5c4e884 {background-color:#9c7128a1 !important;}.stk-5c4e884:before{background-color:#9c7128a1 !important;}<\/style><div class=\"stk-row stk-inner-blocks stk-block-content stk-content-align stk-5c4e884-column\">\n<div class=\"wp-block-stackable-column stk-block-column stk-column stk-block stk-50f5fe6\" data-v=\"4\" data-block-id=\"50f5fe6\"><div class=\"stk-column-wrapper stk-block-column__content stk-container stk-50f5fe6-container stk--no-background stk--no-padding\"><div class=\"stk-block-content stk-inner-blocks stk-50f5fe6-inner-blocks\">\n<p><span style=\"color: #ffffff;\" class=\"stk-highlight\"><span style=\"color: #ffffff;\" class=\"stk-highlight\">Wir sind stolz Ihnen unseren neu renovierten zentralen Bereich neben der Hauptk\u00fcche vorzustellen,es ist das Herz in Dumela!Hier haben Sie das Privileg sich alle zu versammeln und euch euer Lieblingsessen in der voll ausgestatteten K\u00fcche zuzubereiten. Der Bereich ist gem\u00fctlich eingerichtet(Tisch,St\u00fchle)und Sitzecke zum entspannen mit Brettspiele f\u00fcr Kinder und Erwachsene.<\/span><\/span><\/p>\n\n\n\n<p><span style=\"color: #ffffff;\" class=\"stk-highlight\"><span style=\"color: #ffffff;\" class=\"stk-highlight\">Die Hauptk\u00fcche ist mit Backofen und vier gasflammen, Mikrowelle,einem gro\u00dfen K\u00fchlschrank und zwei Sp\u00fclbecken ausgestattet.Alles f\u00fcr Ihren Komfort.<\/span><\/span><\/p>\n<\/div><\/div><\/div>\n<\/div><\/div>\n\n\n\n<div class=\"wp-block-stackable-columns alignwide stk-block-columns stk-block stk-a1350ec\" data-block-id=\"a1350ec\"><div class=\"stk-row stk-inner-blocks stk-block-content stk-content-align stk-a1350ec-column alignwide\">\n<div class=\"wp-block-stackable-column stk-block-column stk-column stk-block stk-a4a85fd stk-block-background stk--has-background-overlay\" data-v=\"4\" data-block-id=\"a4a85fd\"><style>.stk-a4a85fd {background-image:url(https:\/\/dumelarava.com\/2025german\/wp-content\/uploads\/2025\/03\/20220403_094049-scaled.jpg) !important;}@media screen and (min-width: 768px){.stk-a4a85fd {flex:var(--stk-flex-grow, 1) 1 calc(65% - var(--stk-column-gap, 0px) * 1 \/ 2 ) !important;}}<\/style><div class=\"stk-column-wrapper stk-block-column__content stk-container stk-a4a85fd-container stk--no-background stk--no-padding\"><div class=\"stk-block-content stk-inner-blocks stk-a4a85fd-inner-blocks\">\n<div class=\"wp-block-stackable-spacer stk-block-spacer stk--no-padding stk-block stk-5f3a5b9\" data-block-id=\"5f3a5b9\"><style>@media screen and (max-width: 767px){.stk-5f3a5b9 {height:350px !important;}}<\/style><\/div>\n\n\n\n<div class=\"wp-block-stackable-spacer stk-block-spacer stk--no-padding stk-block stk-ea523be\" data-block-id=\"ea523be\"><style>.stk-ea523be {height:350px !important;}<\/style><\/div>\n<\/div><\/div><\/div>\n\n\n\n<div class=\"wp-block-stackable-column stk-block-column stk-column stk--hide-mobile stk-block stk-6be818b stk-block-background stk--has-background-overlay\" data-v=\"4\" data-block-id=\"6be818b\"><style>.stk-6be818b {background-image:url(https:\/\/dumelarava.com\/2025german\/wp-content\/uploads\/2022\/06\/DSC_0025-scaled-e1656416238952.jpg) !important;border-style:solid !important;border-color:#ffffff !important;border-top-width:0px !important;border-right-width:0px !important;border-bottom-width:0px !important;border-left-width:20px !important;}@media screen and (min-width: 768px){.stk-6be818b {flex:var(--stk-flex-grow, 1) 1 calc(35% - var(--stk-column-gap, 0px) * 1 \/ 2 ) !important;}}<\/style><div class=\"stk-column-wrapper stk-block-column__content stk-container stk-6be818b-container stk--no-background stk--no-padding\"><div class=\"stk-block-content stk-inner-blocks stk-6be818b-inner-blocks\">\n<div class=\"wp-block-stackable-spacer stk-block-spacer stk--no-padding stk-block stk-11974a5\" data-block-id=\"11974a5\"><style>.stk-11974a5 {height:350px !important;}<\/style><\/div>\n<\/div><\/div><\/div>\n<\/div><\/div>\n\n\n\n<div class=\"wp-block-stackable-columns alignwide stk-block-columns stk-block stk-628bfdd\" data-block-id=\"628bfdd\"><div class=\"stk-row stk-inner-blocks stk-block-content stk-content-align stk-628bfdd-column alignwide\">\n<div class=\"wp-block-stackable-column stk-block-column stk-column stk-block stk-3c3fcb9 stk-block-background stk--has-background-overlay\" data-v=\"4\" data-block-id=\"3c3fcb9\"><style>.stk-3c3fcb9 {background-image:url(https:\/\/dumelarava.com\/2025german\/wp-content\/uploads\/2026\/01\/20260104_095917-scaled.jpg) !important;}@media screen and (min-width: 768px){.stk-3c3fcb9 {flex:var(--stk-flex-grow, 1) 1 calc(35% - var(--stk-column-gap, 0px) * 1 \/ 2 ) !important;}}<\/style><div class=\"stk-column-wrapper stk-block-column__content stk-container stk-3c3fcb9-container stk--no-background stk--no-padding\"><div class=\"stk-block-content stk-inner-blocks stk-3c3fcb9-inner-blocks\">\n<div class=\"wp-block-stackable-spacer stk-block-spacer stk--no-padding stk-block stk-a4af705\" data-block-id=\"a4af705\"><style>@media screen and (max-width: 767px){.stk-a4af705 {height:350px !important;}}<\/style><\/div>\n\n\n\n<div class=\"wp-block-stackable-spacer stk-block-spacer stk--no-padding stk-block stk-32b338e\" data-block-id=\"32b338e\"><style>.stk-32b338e {height:350px !important;}<\/style><\/div>\n<\/div><\/div><\/div>\n\n\n\n<div class=\"wp-block-stackable-column stk-block-column stk-column stk--hide-mobile stk-block stk-bf724ba stk-block-background stk--has-background-overlay\" data-v=\"4\" data-block-id=\"bf724ba\"><style>.stk-bf724ba {background-image:url(https:\/\/dumelarava.com\/2025german\/wp-content\/uploads\/2026\/01\/20260104_095929-scaled.jpg) !important;border-style:solid !important;border-color:#ffffff !important;border-top-width:0px !important;border-right-width:0px !important;border-bottom-width:0px !important;border-left-width:20px !important;}@media screen and (min-width: 768px){.stk-bf724ba {flex:var(--stk-flex-grow, 1) 1 calc(65% - var(--stk-column-gap, 0px) * 1 \/ 2 ) !important;}}<\/style><div class=\"stk-column-wrapper stk-block-column__content stk-container stk-bf724ba-container stk--no-background stk--no-padding\"><div class=\"stk-block-content stk-inner-blocks stk-bf724ba-inner-blocks\">\n<div class=\"wp-block-stackable-spacer stk-block-spacer stk--no-padding stk-block stk-0769655\" data-block-id=\"0769655\"><style>.stk-0769655 {height:350px !important;}<\/style><\/div>\n<\/div><\/div><\/div>\n<\/div><\/div>\n\n\n\n<div class=\"wp-block-stackable-columns stk-block-columns stk--hide-tablet stk-block stk-ce8d4f1 stk-block-background stk--has-background-overlay\" data-block-id=\"ce8d4f1\"><style>@media screen and (max-width: 767px){.stk-ce8d4f1 {background-image:url(https:\/\/dumelarava.com\/2025german\/wp-content\/uploads\/2022\/06\/DSC_0025-scaled-e1656416238952.jpg) !important;}}<\/style><div class=\"stk-row stk-inner-blocks stk-block-content stk-content-align stk-ce8d4f1-column\">\n<div class=\"wp-block-stackable-column stk-block-column stk-column stk-block stk-650b503\" data-v=\"4\" data-block-id=\"650b503\"><div class=\"stk-column-wrapper stk-block-column__content stk-container stk-650b503-container stk--no-background stk--no-padding\"><div class=\"stk-block-content stk-inner-blocks stk-650b503-inner-blocks\">\n<div class=\"wp-block-stackable-spacer stk-block-spacer stk--no-padding stk-block stk-080b88b\" data-block-id=\"080b88b\"><style>@media screen and (max-width: 767px){.stk-080b88b {height:250px !important;}}<\/style><\/div>\n<\/div><\/div><\/div>\n<\/div><\/div>\n\n\n\n<div class=\"wp-block-stackable-columns alignfull stk-block-columns stk--hide-mobile stk-block stk-6689309 stk-block-background stk--has-background-overlay\" data-block-id=\"6689309\"><style>.stk-6689309 {background-image:url(https:\/\/dumelarava.com\/2025german\/wp-content\/uploads\/2025\/03\/ndbele-patern0-scaled.jpg) !important;background-repeat:repeat !important;background-size:contain !important;min-height:110px !important;margin-bottom:20px !important;}.stk-6689309:before{opacity:0 !important;}<\/style><div class=\"stk-row stk-inner-blocks stk-block-content stk-content-align stk-6689309-column alignfull\">\n<div class=\"wp-block-stackable-column stk-block-column stk-column stk-block stk-a64a37d\" data-v=\"4\" data-block-id=\"a64a37d\"><style>.stk-a64a37d-container{min-height:50px !important;}<\/style><div class=\"stk-column-wrapper stk-block-column__content stk-container stk-a64a37d-container stk--no-background stk--no-padding\"><div class=\"stk-block-content stk-inner-blocks stk-a64a37d-inner-blocks\">\n<h1 class=\"wp-block-heading\"><\/h1>\n<\/div><\/div><\/div>\n<\/div><\/div>\n\n\n\n<div class=\"wp-block-stackable-columns alignfull stk-block-columns stk--hide-desktop stk--hide-tablet stk-block stk-e7d5b41 stk-block-background stk--has-background-overlay\" data-block-id=\"e7d5b41\"><style>@media screen and (max-width: 767px){.stk-e7d5b41 {background-image:url(https:\/\/dumelarava.com\/2025german\/wp-content\/uploads\/2025\/03\/ndbele-patern0-scaled.jpg) !important;}}<\/style><div class=\"stk-row stk-inner-blocks stk-block-content stk-content-align stk-e7d5b41-column alignfull\">\n<div class=\"wp-block-stackable-column stk-block-column stk-column stk-block stk-ccb564c\" data-v=\"4\" data-block-id=\"ccb564c\"><div class=\"stk-column-wrapper stk-block-column__content stk-container stk-ccb564c-container stk--no-background stk--no-padding\"><div class=\"stk-block-content stk-inner-blocks stk-ccb564c-inner-blocks\">\n<div class=\"wp-block-stackable-spacer stk-block-spacer stk--no-padding stk-block stk-7ea0a5e\" data-block-id=\"7ea0a5e\"><\/div>\n<\/div><\/div><\/div>\n<\/div><\/div>\n","protected":false},"excerpt":{"rendered":"<p>Wir sind stolz Ihnen unseren neu renovierten zentralen Bereich neben der Hauptk\u00fcche vorzustellen,es ist das Herz in Dumela!Hier haben Sie das Privileg sich alle zu versammeln und euch euer Lieblingsessen in der voll ausgestatteten K\u00fcche zuzubereiten. Der Bereich ist gem\u00fctlich eingerichtet(Tisch,St\u00fchle)und Sitzecke zum entspannen mit Brettspiele f\u00fcr Kinder und Erwachsene. Die Hauptk\u00fcche ist mit Backofen [&hellip;]<\/p>\n","protected":false},"author":1,"featured_media":0,"parent":0,"menu_order":0,"comment_status":"closed","ping_status":"closed","template":"","meta":{"footnotes":""},"class_list":["post-14","page","type-page","status-publish","hentry"],"yoast_head":"<!-- This site is optimized with the Yoast SEO plugin v27.4 - https:\/\/yoast.com\/product\/yoast-seo-wordpress\/ -->\n<title>K\u00fcche und Zentral Bereich - DUMELA<\/title>\n<meta name=\"robots\" content=\"index, follow, max-snippet:-1, max-image-preview:large, max-video-preview:-1\" \/>\n<link rel=\"canonical\" href=\"https:\/\/dumelarava.com\/2025german\/kitchen-and-central-area\/\" \/>\n<meta property=\"og:locale\" content=\"en_US\" \/>\n<meta property=\"og:type\" content=\"article\" \/>\n<meta property=\"og:title\" content=\"K\u00fcche und Zentral Bereich - DUMELA\" \/>\n<meta property=\"og:description\" content=\"Wir sind stolz Ihnen unseren neu renovierten zentralen Bereich neben der Hauptk\u00fcche vorzustellen,es ist das Herz in Dumela!Hier haben Sie das Privileg sich alle zu versammeln und euch euer Lieblingsessen in der voll ausgestatteten K\u00fcche zuzubereiten. Der Bereich ist gem\u00fctlich eingerichtet(Tisch,St\u00fchle)und Sitzecke zum entspannen mit Brettspiele f\u00fcr Kinder und Erwachsene. Die Hauptk\u00fcche ist mit Backofen [&hellip;]\" \/>\n<meta property=\"og:url\" content=\"https:\/\/dumelarava.com\/2025german\/kitchen-and-central-area\/\" \/>\n<meta property=\"og:site_name\" content=\"DUMELA\" \/>\n<meta property=\"article:publisher\" content=\"https:\/\/www.facebook.com\/DumelaZimmer\/\" \/>\n<meta property=\"article:modified_time\" content=\"2026-01-08T13:11:14+00:00\" \/>\n<meta name=\"twitter:card\" content=\"summary_large_image\" \/>\n<meta name=\"twitter:label1\" content=\"Est. reading time\" \/>\n\t<meta name=\"twitter:data1\" content=\"1 minute\" \/>\n<script type=\"application\/ld+json\" class=\"yoast-schema-graph\">{\"@context\":\"https:\\\/\\\/schema.org\",\"@graph\":[{\"@type\":\"WebPage\",\"@id\":\"https:\\\/\\\/dumelarava.com\\\/2025german\\\/kitchen-and-central-area\\\/\",\"url\":\"https:\\\/\\\/dumelarava.com\\\/2025german\\\/kitchen-and-central-area\\\/\",\"name\":\"K\u00fcche und Zentral Bereich - DUMELA\",\"isPartOf\":{\"@id\":\"https:\\\/\\\/dumelarava.com\\\/2025german\\\/#website\"},\"datePublished\":\"2018-11-02T07:56:07+00:00\",\"dateModified\":\"2026-01-08T13:11:14+00:00\",\"breadcrumb\":{\"@id\":\"https:\\\/\\\/dumelarava.com\\\/2025german\\\/kitchen-and-central-area\\\/#breadcrumb\"},\"inLanguage\":\"en-US\",\"potentialAction\":[{\"@type\":\"ReadAction\",\"target\":[\"https:\\\/\\\/dumelarava.com\\\/2025german\\\/kitchen-and-central-area\\\/\"]}]},{\"@type\":\"BreadcrumbList\",\"@id\":\"https:\\\/\\\/dumelarava.com\\\/2025german\\\/kitchen-and-central-area\\\/#breadcrumb\",\"itemListElement\":[{\"@type\":\"ListItem\",\"position\":1,\"name\":\"Home\",\"item\":\"https:\\\/\\\/dumelarava.com\\\/2025german\\\/\"},{\"@type\":\"ListItem\",\"position\":2,\"name\":\"K\u00fcche und Zentral Bereich\"}]},{\"@type\":\"WebSite\",\"@id\":\"https:\\\/\\\/dumelarava.com\\\/2025german\\\/#website\",\"url\":\"https:\\\/\\\/dumelarava.com\\\/2025german\\\/\",\"name\":\"Dumela\",\"description\":\"African Hospitality in the Arava\",\"publisher\":{\"@id\":\"https:\\\/\\\/dumelarava.com\\\/2025german\\\/#organization\"},\"potentialAction\":[{\"@type\":\"SearchAction\",\"target\":{\"@type\":\"EntryPoint\",\"urlTemplate\":\"https:\\\/\\\/dumelarava.com\\\/2025german\\\/?s={search_term_string}\"},\"query-input\":{\"@type\":\"PropertyValueSpecification\",\"valueRequired\":true,\"valueName\":\"search_term_string\"}}],\"inLanguage\":\"en-US\"},{\"@type\":\"Organization\",\"@id\":\"https:\\\/\\\/dumelarava.com\\\/2025german\\\/#organization\",\"name\":\"Dumela\",\"url\":\"https:\\\/\\\/dumelarava.com\\\/2025german\\\/\",\"logo\":{\"@type\":\"ImageObject\",\"inLanguage\":\"en-US\",\"@id\":\"https:\\\/\\\/dumelarava.com\\\/2025german\\\/#\\\/schema\\\/logo\\\/image\\\/\",\"url\":\"https:\\\/\\\/dumelarava.com\\\/2025german\\\/wp-content\\\/uploads\\\/2018\\\/11\\\/cropped-Africa-logo4-2-1.png\",\"contentUrl\":\"https:\\\/\\\/dumelarava.com\\\/2025german\\\/wp-content\\\/uploads\\\/2018\\\/11\\\/cropped-Africa-logo4-2-1.png\",\"width\":181,\"height\":250,\"caption\":\"Dumela\"},\"image\":{\"@id\":\"https:\\\/\\\/dumelarava.com\\\/2025german\\\/#\\\/schema\\\/logo\\\/image\\\/\"},\"sameAs\":[\"https:\\\/\\\/www.facebook.com\\\/DumelaZimmer\\\/\",\"https:\\\/\\\/www.instagram.com\\\/dumela_\\\/\"]}]}<\/script>\n<!-- \/ Yoast SEO plugin. -->","yoast_head_json":{"title":"K\u00fcche und Zentral Bereich - DUMELA","robots":{"index":"index","follow":"follow","max-snippet":"max-snippet:-1","max-image-preview":"max-image-preview:large","max-video-preview":"max-video-preview:-1"},"canonical":"https:\/\/dumelarava.com\/2025german\/kitchen-and-central-area\/","og_locale":"en_US","og_type":"article","og_title":"K\u00fcche und Zentral Bereich - DUMELA","og_description":"Wir sind stolz Ihnen unseren neu renovierten zentralen Bereich neben der Hauptk\u00fcche vorzustellen,es ist das Herz in Dumela!Hier haben Sie das Privileg sich alle zu versammeln und euch euer Lieblingsessen in der voll ausgestatteten K\u00fcche zuzubereiten. Der Bereich ist gem\u00fctlich eingerichtet(Tisch,St\u00fchle)und Sitzecke zum entspannen mit Brettspiele f\u00fcr Kinder und Erwachsene. Die Hauptk\u00fcche ist mit Backofen [&hellip;]","og_url":"https:\/\/dumelarava.com\/2025german\/kitchen-and-central-area\/","og_site_name":"DUMELA","article_publisher":"https:\/\/www.facebook.com\/DumelaZimmer\/","article_modified_time":"2026-01-08T13:11:14+00:00","twitter_card":"summary_large_image","twitter_misc":{"Est. reading time":"1 minute"},"schema":{"@context":"https:\/\/schema.org","@graph":[{"@type":"WebPage","@id":"https:\/\/dumelarava.com\/2025german\/kitchen-and-central-area\/","url":"https:\/\/dumelarava.com\/2025german\/kitchen-and-central-area\/","name":"K\u00fcche und Zentral Bereich - DUMELA","isPartOf":{"@id":"https:\/\/dumelarava.com\/2025german\/#website"},"datePublished":"2018-11-02T07:56:07+00:00","dateModified":"2026-01-08T13:11:14+00:00","breadcrumb":{"@id":"https:\/\/dumelarava.com\/2025german\/kitchen-and-central-area\/#breadcrumb"},"inLanguage":"en-US","potentialAction":[{"@type":"ReadAction","target":["https:\/\/dumelarava.com\/2025german\/kitchen-and-central-area\/"]}]},{"@type":"BreadcrumbList","@id":"https:\/\/dumelarava.com\/2025german\/kitchen-and-central-area\/#breadcrumb","itemListElement":[{"@type":"ListItem","position":1,"name":"Home","item":"https:\/\/dumelarava.com\/2025german\/"},{"@type":"ListItem","position":2,"name":"K\u00fcche und Zentral Bereich"}]},{"@type":"WebSite","@id":"https:\/\/dumelarava.com\/2025german\/#website","url":"https:\/\/dumelarava.com\/2025german\/","name":"Dumela","description":"African Hospitality in the Arava","publisher":{"@id":"https:\/\/dumelarava.com\/2025german\/#organization"},"potentialAction":[{"@type":"SearchAction","target":{"@type":"EntryPoint","urlTemplate":"https:\/\/dumelarava.com\/2025german\/?s={search_term_string}"},"query-input":{"@type":"PropertyValueSpecification","valueRequired":true,"valueName":"search_term_string"}}],"inLanguage":"en-US"},{"@type":"Organization","@id":"https:\/\/dumelarava.com\/2025german\/#organization","name":"Dumela","url":"https:\/\/dumelarava.com\/2025german\/","logo":{"@type":"ImageObject","inLanguage":"en-US","@id":"https:\/\/dumelarava.com\/2025german\/#\/schema\/logo\/image\/","url":"https:\/\/dumelarava.com\/2025german\/wp-content\/uploads\/2018\/11\/cropped-Africa-logo4-2-1.png","contentUrl":"https:\/\/dumelarava.com\/2025german\/wp-content\/uploads\/2018\/11\/cropped-Africa-logo4-2-1.png","width":181,"height":250,"caption":"Dumela"},"image":{"@id":"https:\/\/dumelarava.com\/2025german\/#\/schema\/logo\/image\/"},"sameAs":["https:\/\/www.facebook.com\/DumelaZimmer\/","https:\/\/www.instagram.com\/dumela_\/"]}]}},"_links":{"self":[{"href":"https:\/\/dumelarava.com\/2025german\/wp-json\/wp\/v2\/pages\/14","targetHints":{"allow":["GET"]}}],"collection":[{"href":"https:\/\/dumelarava.com\/2025german\/wp-json\/wp\/v2\/pages"}],"about":[{"href":"https:\/\/dumelarava.com\/2025german\/wp-json\/wp\/v2\/types\/page"}],"author":[{"embeddable":true,"href":"https:\/\/dumelarava.com\/2025german\/wp-json\/wp\/v2\/users\/1"}],"replies":[{"embeddable":true,"href":"https:\/\/dumelarava.com\/2025german\/wp-json\/wp\/v2\/comments?post=14"}],"version-history":[{"count":49,"href":"https:\/\/dumelarava.com\/2025german\/wp-json\/wp\/v2\/pages\/14\/revisions"}],"predecessor-version":[{"id":1074,"href":"https:\/\/dumelarava.com\/2025german\/wp-json\/wp\/v2\/pages\/14\/revisions\/1074"}],"wp:attachment":[{"href":"https:\/\/dumelarava.com\/2025german\/wp-json\/wp\/v2\/media?parent=14"}],"curies":[{"name":"wp","href":"https:\/\/api.w.org\/{rel}","templated":true}]}}